{"id":844,"date":"2021-05-07T12:28:07","date_gmt":"2021-05-07T15:28:07","guid":{"rendered":"https:\/\/sampaiodesa.com.br\/?page_id=844"},"modified":"2023-03-28T17:13:12","modified_gmt":"2023-03-28T20:13:12","slug":"areas-de-atuacao","status":"publish","type":"page","link":"https:\/\/sampaiodesa.com.br\/index.php\/areas-de-atuacao\/","title":{"rendered":"\u00c1reas de Atua\u00e7\u00e3o"},"content":{"rendered":"\t\t<div data-elementor-type=\"wp-page\" data-elementor-id=\"844\" class=\"elementor elementor-844\" data-elementor-post-type=\"page\">\n\t\t\t\t\t\t<section class=\"elementor-section elementor-top-section elementor-element elementor-element-4cd0690 elementor-section-full_width elementor-section-stretched elementor-section-height-default elementor-section-height-default\" data-id=\"4cd0690\" data-element_type=\"section\" data-e-type=\"section\" data-settings=\"{&quot;stretch_section&quot;:&quot;section-stretched&quot;,&quot;background_background&quot;:&quot;classic&quot;}\">\n\t\t\t\t\t\t<div class=\"elementor-container elementor-column-gap-default\">\n\t\t\t\t\t<div class=\"elementor-column elementor-col-100 elementor-top-column elementor-element elementor-element-2ba93e3\" data-id=\"2ba93e3\" data-element_type=\"column\" data-e-type=\"column\">\n\t\t\t<div class=\"elementor-widget-wrap elementor-element-populated\">\n\t\t\t\t\t\t<div class=\"elementor-element elementor-element-4b6bf25 elementor-widget elementor-widget-heading\" data-id=\"4b6bf25\" data-element_type=\"widget\" data-e-type=\"widget\" data-widget_type=\"heading.default\">\n\t\t\t\t<div class=\"elementor-widget-container\">\n\t\t\t\t\t<h2 class=\"elementor-heading-title elementor-size-default\">\u00c1reas de Atua\u00e7\u00e3o<\/h2>\t\t\t\t<\/div>\n\t\t\t\t<\/div>\n\t\t\t\t\t<\/div>\n\t\t<\/div>\n\t\t\t\t\t<\/div>\n\t\t<\/section>\n\t\t\t\t<section class=\"elementor-section elementor-top-section elementor-element elementor-element-af74517 elementor-section-boxed elementor-section-height-default elementor-section-height-default\" data-id=\"af74517\" data-element_type=\"section\" data-e-type=\"section\">\n\t\t\t\t\t\t<div class=\"elementor-container elementor-column-gap-default\">\n\t\t\t\t\t<div class=\"elementor-column elementor-col-50 elementor-top-column elementor-element elementor-element-dcaf649\" data-id=\"dcaf649\" data-element_type=\"column\" data-e-type=\"column\">\n\t\t\t<div class=\"elementor-widget-wrap elementor-element-populated\">\n\t\t\t\t\t\t<div class=\"elementor-element elementor-element-eb1dc46 elementor-position-top elementor-widget elementor-widget-image-box\" data-id=\"eb1dc46\" data-element_type=\"widget\" data-e-type=\"widget\" data-widget_type=\"image-box.default\">\n\t\t\t\t<div class=\"elementor-widget-container\">\n\t\t\t\t\t<div class=\"elementor-image-box-wrapper\"><figure class=\"elementor-image-box-img\"><img fetchpriority=\"high\" decoding=\"async\" width=\"1360\" height=\"765\" src=\"https:\/\/sampaiodesa.com.br\/wp-content\/uploads\/2021\/05\/Licitacao-e-Contratos-Administrativos.jpg\" class=\"attachment-full size-full wp-image-1060\" alt=\"\" srcset=\"https:\/\/sampaiodesa.com.br\/wp-content\/uploads\/2021\/05\/Licitacao-e-Contratos-Administrativos.jpg 1360w, https:\/\/sampaiodesa.com.br\/wp-content\/uploads\/2021\/05\/Licitacao-e-Contratos-Administrativos-300x169.jpg 300w, https:\/\/sampaiodesa.com.br\/wp-content\/uploads\/2021\/05\/Licitacao-e-Contratos-Administrativos-1024x576.jpg 1024w, https:\/\/sampaiodesa.com.br\/wp-content\/uploads\/2021\/05\/Licitacao-e-Contratos-Administrativos-768x432.jpg 768w\" sizes=\"(max-width: 1360px) 100vw, 1360px\" \/><\/figure><div class=\"elementor-image-box-content\"><h3 class=\"elementor-image-box-title\">Licita\u00e7\u00e3o e Contratos Administrativos<\/h3><p class=\"elementor-image-box-description\">An\u00e1lise e atua\u00e7\u00e3o criteriosa de editais de licita\u00e7\u00e3o e contrata\u00e7\u00e3o com o Poder P\u00fablico\n.<\/p><\/div><\/div>\t\t\t\t<\/div>\n\t\t\t\t<\/div>\n\t\t\t\t\t<\/div>\n\t\t<\/div>\n\t\t\t\t<div class=\"elementor-column elementor-col-50 elementor-top-column elementor-element elementor-element-be70696\" data-id=\"be70696\" data-element_type=\"column\" data-e-type=\"column\">\n\t\t\t<div class=\"elementor-widget-wrap elementor-element-populated\">\n\t\t\t\t\t\t<div class=\"elementor-element elementor-element-4ec618b elementor-position-top elementor-widget elementor-widget-image-box\" data-id=\"4ec618b\" data-element_type=\"widget\" data-e-type=\"widget\" data-widget_type=\"image-box.default\">\n\t\t\t\t<div class=\"elementor-widget-container\">\n\t\t\t\t\t<div class=\"elementor-image-box-wrapper\"><figure class=\"elementor-image-box-img\"><img decoding=\"async\" width=\"540\" height=\"400\" src=\"https:\/\/sampaiodesa.com.br\/wp-content\/uploads\/2021\/05\/Concurso-Publico-e-Serventias-Extrajudiciais.png\" class=\"attachment-full size-full wp-image-1064\" alt=\"\" srcset=\"https:\/\/sampaiodesa.com.br\/wp-content\/uploads\/2021\/05\/Concurso-Publico-e-Serventias-Extrajudiciais.png 540w, https:\/\/sampaiodesa.com.br\/wp-content\/uploads\/2021\/05\/Concurso-Publico-e-Serventias-Extrajudiciais-300x222.png 300w\" sizes=\"(max-width: 540px) 100vw, 540px\" \/><\/figure><div class=\"elementor-image-box-content\"><h3 class=\"elementor-image-box-title\">Concurso P\u00fablico e Serventias Extrajudiciais<\/h3><p class=\"elementor-image-box-description\">Analise de crit\u00e9rios de pontua\u00e7\u00e3o, pareceres e recursos perante a Banca Examinadora de Concursos P\u00fablicos, experi\u00eancia em demandas perante o CNJ para corre\u00e7\u00e3o de crit\u00e9rio de prova e nota. \n<\/p><\/div><\/div>\t\t\t\t<\/div>\n\t\t\t\t<\/div>\n\t\t\t\t\t<\/div>\n\t\t<\/div>\n\t\t\t\t\t<\/div>\n\t\t<\/section>\n\t\t\t\t<section class=\"elementor-section elementor-top-section elementor-element elementor-element-414c079 elementor-section-boxed elementor-section-height-default elementor-section-height-default\" data-id=\"414c079\" data-element_type=\"section\" data-e-type=\"section\">\n\t\t\t\t\t\t<div class=\"elementor-container elementor-column-gap-default\">\n\t\t\t\t\t<div class=\"elementor-column elementor-col-50 elementor-top-column elementor-element elementor-element-cd1dc4b\" data-id=\"cd1dc4b\" data-element_type=\"column\" data-e-type=\"column\">\n\t\t\t<div class=\"elementor-widget-wrap elementor-element-populated\">\n\t\t\t\t\t\t<div class=\"elementor-element elementor-element-b75c487 elementor-position-top elementor-widget elementor-widget-image-box\" data-id=\"b75c487\" data-element_type=\"widget\" data-e-type=\"widget\" data-widget_type=\"image-box.default\">\n\t\t\t\t<div class=\"elementor-widget-container\">\n\t\t\t\t\t<div class=\"elementor-image-box-wrapper\"><figure class=\"elementor-image-box-img\"><img decoding=\"async\" width=\"800\" height=\"600\" src=\"https:\/\/sampaiodesa.com.br\/wp-content\/uploads\/2021\/05\/lavagem-de-dinheiro.png\" class=\"attachment-full size-full wp-image-1151\" alt=\"\" srcset=\"https:\/\/sampaiodesa.com.br\/wp-content\/uploads\/2021\/05\/lavagem-de-dinheiro.png 800w, https:\/\/sampaiodesa.com.br\/wp-content\/uploads\/2021\/05\/lavagem-de-dinheiro-300x225.png 300w, https:\/\/sampaiodesa.com.br\/wp-content\/uploads\/2021\/05\/lavagem-de-dinheiro-768x576.png 768w\" sizes=\"(max-width: 800px) 100vw, 800px\" \/><\/figure><div class=\"elementor-image-box-content\"><h3 class=\"elementor-image-box-title\">A\u00e7\u00f5es de Improbidade Administrativa<\/h3><p class=\"elementor-image-box-description\">Atua\u00e7\u00e3o proativa em a\u00e7\u00f5es de improbidade administrativa e a\u00e7\u00f5es civis p\u00fablicas, desde o inqu\u00e9rito civil at\u00e9 o tr\u00e2nsito em julgado da a\u00e7\u00e3o.\n<\/p><\/div><\/div>\t\t\t\t<\/div>\n\t\t\t\t<\/div>\n\t\t\t\t\t<\/div>\n\t\t<\/div>\n\t\t\t\t<div class=\"elementor-column elementor-col-50 elementor-top-column elementor-element elementor-element-8138b04\" data-id=\"8138b04\" data-element_type=\"column\" data-e-type=\"column\">\n\t\t\t<div class=\"elementor-widget-wrap elementor-element-populated\">\n\t\t\t\t\t\t<div class=\"elementor-element elementor-element-a7bb979 elementor-position-top elementor-widget elementor-widget-image-box\" data-id=\"a7bb979\" data-element_type=\"widget\" data-e-type=\"widget\" data-widget_type=\"image-box.default\">\n\t\t\t\t<div class=\"elementor-widget-container\">\n\t\t\t\t\t<div class=\"elementor-image-box-wrapper\"><figure class=\"elementor-image-box-img\"><img loading=\"lazy\" decoding=\"async\" width=\"1279\" height=\"720\" src=\"https:\/\/sampaiodesa.com.br\/wp-content\/uploads\/2021\/05\/Processo-Administrativo-Disciplinar.jpg\" class=\"attachment-full size-full wp-image-1061\" alt=\"\" srcset=\"https:\/\/sampaiodesa.com.br\/wp-content\/uploads\/2021\/05\/Processo-Administrativo-Disciplinar.jpg 1279w, https:\/\/sampaiodesa.com.br\/wp-content\/uploads\/2021\/05\/Processo-Administrativo-Disciplinar-300x169.jpg 300w, https:\/\/sampaiodesa.com.br\/wp-content\/uploads\/2021\/05\/Processo-Administrativo-Disciplinar-1024x576.jpg 1024w, https:\/\/sampaiodesa.com.br\/wp-content\/uploads\/2021\/05\/Processo-Administrativo-Disciplinar-768x432.jpg 768w\" sizes=\"(max-width: 1279px) 100vw, 1279px\" \/><\/figure><div class=\"elementor-image-box-content\"><h3 class=\"elementor-image-box-title\">Processo Administrativo Disciplinar<\/h3><p class=\"elementor-image-box-description\">Atua\u00e7\u00e3o presente em processos administrativos disciplinares de servidores p\u00fablicos municipais, estaduais e federais, incluindo administra\u00e7\u00e3o indireta.\n<\/p><\/div><\/div>\t\t\t\t<\/div>\n\t\t\t\t<\/div>\n\t\t\t\t\t<\/div>\n\t\t<\/div>\n\t\t\t\t\t<\/div>\n\t\t<\/section>\n\t\t\t\t<section class=\"elementor-section elementor-top-section elementor-element elementor-element-481e39b elementor-section-full_width elementor-section-stretched elementor-section-height-default elementor-section-height-default\" data-id=\"481e39b\" data-element_type=\"section\" data-e-type=\"section\" data-settings=\"{&quot;stretch_section&quot;:&quot;section-stretched&quot;,&quot;background_background&quot;:&quot;classic&quot;}\">\n\t\t\t\t\t\t\t<div class=\"elementor-background-overlay\"><\/div>\n\t\t\t\t\t\t\t<div class=\"elementor-container elementor-column-gap-default\">\n\t\t\t\t\t<div class=\"elementor-column elementor-col-100 elementor-top-column elementor-element elementor-element-efd86a8\" data-id=\"efd86a8\" data-element_type=\"column\" data-e-type=\"column\">\n\t\t\t<div class=\"elementor-widget-wrap elementor-element-populated\">\n\t\t\t\t\t\t<div class=\"elementor-element elementor-element-2c8fdb1 elementor-widget elementor-widget-text-editor\" data-id=\"2c8fdb1\" data-element_type=\"widget\" data-e-type=\"widget\" data-widget_type=\"text-editor.default\">\n\t\t\t\t<div class=\"elementor-widget-container\">\n\t\t\t\t\t\t\t\t\t<p>Entre em contato<\/p>\t\t\t\t\t\t\t\t<\/div>\n\t\t\t\t<\/div>\n\t\t\t\t<div class=\"elementor-element elementor-element-5b80753 elementor-widget elementor-widget-heading\" data-id=\"5b80753\" data-element_type=\"widget\" data-e-type=\"widget\" data-widget_type=\"heading.default\">\n\t\t\t\t<div class=\"elementor-widget-container\">\n\t\t\t\t\t<h2 class=\"elementor-heading-title elementor-size-default\">Precisa de uma assessoria?<\/h2>\t\t\t\t<\/div>\n\t\t\t\t<\/div>\n\t\t\t\t<div class=\"elementor-element elementor-element-4687486 animated-slow elementor-align-center elementor-invisible elementor-widget elementor-widget-button\" data-id=\"4687486\" data-element_type=\"widget\" data-e-type=\"widget\" data-settings=\"{&quot;_animation&quot;:&quot;pulse&quot;}\" data-widget_type=\"button.default\">\n\t\t\t\t<div class=\"elementor-widget-container\">\n\t\t\t\t\t\t\t\t\t<div class=\"elementor-button-wrapper\">\n\t\t\t\t\t<a class=\"elementor-button elementor-button-link elementor-size-sm\" href=\"https:\/\/sampaiodesa.com.br\/index.php\/fale-conosco\/\">\n\t\t\t\t\t\t<span class=\"elementor-button-content-wrapper\">\n\t\t\t\t\t\t<span class=\"elementor-button-icon\">\n\t\t\t\t<i aria-hidden=\"true\" class=\"fas fa-long-arrow-alt-right\"><\/i>\t\t\t<\/span>\n\t\t\t\t\t\t\t\t\t<span class=\"elementor-button-text\">Fale Conosco<\/span>\n\t\t\t\t\t<\/span>\n\t\t\t\t\t<\/a>\n\t\t\t\t<\/div>\n\t\t\t\t\t\t\t\t<\/div>\n\t\t\t\t<\/div>\n\t\t\t\t\t<\/div>\n\t\t<\/div>\n\t\t\t\t\t<\/div>\n\t\t<\/section>\n\t\t\t\t<\/div>\n\t\t","protected":false},"excerpt":{"rendered":"<p>\u00c1reas de Atua\u00e7\u00e3o Licita\u00e7\u00e3o e Contratos Administrativos An\u00e1lise e atua\u00e7\u00e3o criteriosa de editais de licita\u00e7\u00e3o e contrata\u00e7\u00e3o com o Poder P\u00fablico . Concurso P\u00fablico e Serventias Extrajudiciais Analise de crit\u00e9rios de pontua\u00e7\u00e3o, pareceres e recursos perante a Banca Examinadora de Concursos P\u00fablicos, experi\u00eancia em demandas perante o CNJ para corre\u00e7\u00e3o de crit\u00e9rio de prova e [&hellip;]<\/p>\n","protected":false},"author":1,"featured_media":0,"parent":0,"menu_order":0,"comment_status":"closed","ping_status":"closed","template":"","meta":{"ocean_post_layout":"","ocean_both_sidebars_style":"","ocean_both_sidebars_content_width":0,"ocean_both_sidebars_sidebars_width":0,"ocean_sidebar":"0","ocean_second_sidebar":"0","ocean_disable_margins":"enable","ocean_add_body_class":"","ocean_shortcode_before_top_bar":"","ocean_shortcode_after_top_bar":"","ocean_shortcode_before_header":"","ocean_shortcode_after_header":"","ocean_has_shortcode":"","ocean_shortcode_after_title":"","ocean_shortcode_before_footer_widgets":"","ocean_shortcode_after_footer_widgets":"","ocean_shortcode_before_footer_bottom":"","ocean_shortcode_after_footer_bottom":"","ocean_display_top_bar":"default","ocean_display_header":"default","ocean_header_style":"","ocean_center_header_left_menu":"0","ocean_custom_header_template":"0","ocean_custom_logo":0,"ocean_custom_retina_logo":0,"ocean_custom_logo_max_width":0,"ocean_custom_logo_tablet_max_width":0,"ocean_custom_logo_mobile_max_width":0,"ocean_custom_logo_max_height":0,"ocean_custom_logo_tablet_max_height":0,"ocean_custom_logo_mobile_max_height":0,"ocean_header_custom_menu":"0","ocean_menu_typo_font_family":"0","ocean_menu_typo_font_subset":"","ocean_menu_typo_font_size":0,"ocean_menu_typo_font_size_tablet":0,"ocean_menu_typo_font_size_mobile":0,"ocean_menu_typo_font_size_unit":"px","ocean_menu_typo_font_weight":"","ocean_menu_typo_font_weight_tablet":"","ocean_menu_typo_font_weight_mobile":"","ocean_menu_typo_transform":"","ocean_menu_typo_transform_tablet":"","ocean_menu_typo_transform_mobile":"","ocean_menu_typo_line_height":0,"ocean_menu_typo_line_height_tablet":0,"ocean_menu_typo_line_height_mobile":0,"ocean_menu_typo_line_height_unit":"","ocean_menu_typo_spacing":0,"ocean_menu_typo_spacing_tablet":0,"ocean_menu_typo_spacing_mobile":0,"ocean_menu_typo_spacing_unit":"","ocean_menu_link_color":"","ocean_menu_link_color_hover":"","ocean_menu_link_color_active":"","ocean_menu_link_background":"","ocean_menu_link_hover_background":"","ocean_menu_link_active_background":"","ocean_menu_social_links_bg":"","ocean_menu_social_hover_links_bg":"","ocean_menu_social_links_color":"","ocean_menu_social_hover_links_color":"","ocean_disable_title":"on","ocean_disable_heading":"default","ocean_post_title":"","ocean_post_subheading":"","ocean_post_title_style":"","ocean_post_title_background_color":"","ocean_post_title_background":0,"ocean_post_title_bg_image_position":"","ocean_post_title_bg_image_attachment":"","ocean_post_title_bg_image_repeat":"","ocean_post_title_bg_image_size":"","ocean_post_title_height":0,"ocean_post_title_bg_overlay":0.5,"ocean_post_title_bg_overlay_color":"","ocean_disable_breadcrumbs":"default","ocean_breadcrumbs_color":"","ocean_breadcrumbs_separator_color":"","ocean_breadcrumbs_links_color":"","ocean_breadcrumbs_links_hover_color":"","ocean_display_footer_widgets":"default","ocean_display_footer_bottom":"default","ocean_custom_footer_template":"0","footnotes":""},"class_list":["post-844","page","type-page","status-publish","hentry","entry"],"_links":{"self":[{"href":"https:\/\/sampaiodesa.com.br\/index.php\/wp-json\/wp\/v2\/pages\/844","targetHints":{"allow":["GET"]}}],"collection":[{"href":"https:\/\/sampaiodesa.com.br\/index.php\/wp-json\/wp\/v2\/pages"}],"about":[{"href":"https:\/\/sampaiodesa.com.br\/index.php\/wp-json\/wp\/v2\/types\/page"}],"author":[{"embeddable":true,"href":"https:\/\/sampaiodesa.com.br\/index.php\/wp-json\/wp\/v2\/users\/1"}],"replies":[{"embeddable":true,"href":"https:\/\/sampaiodesa.com.br\/index.php\/wp-json\/wp\/v2\/comments?post=844"}],"version-history":[{"count":43,"href":"https:\/\/sampaiodesa.com.br\/index.php\/wp-json\/wp\/v2\/pages\/844\/revisions"}],"predecessor-version":[{"id":1183,"href":"https:\/\/sampaiodesa.com.br\/index.php\/wp-json\/wp\/v2\/pages\/844\/revisions\/1183"}],"wp:attachment":[{"href":"https:\/\/sampaiodesa.com.br\/index.php\/wp-json\/wp\/v2\/media?parent=844"}],"curies":[{"name":"wp","href":"https:\/\/api.w.org\/{rel}","templated":true}]}}